{"id":14922,"date":"2024-07-04T10:36:16","date_gmt":"2024-07-04T08:36:16","guid":{"rendered":"https:\/\/www.ortodonciagranada.com\/inicio-sidn\/"},"modified":"2025-07-21T15:50:31","modified_gmt":"2025-07-21T13:50:31","slug":"inicio-sidn","status":"publish","type":"page","link":"https:\/\/www.ortodonciagranada.com\/en\/","title":{"rendered":"Home"},"content":{"rendered":"","protected":false},"excerpt":{"rendered":"","protected":false},"author":6,"featured_media":15050,"parent":0,"menu_order":0,"comment_status":"closed","ping_status":"closed","template":"template-page\/home.php","meta":{"_acf_changed":false,"footnotes":""},"class_list":["post-14922","page","type-page","status-publish","has-post-thumbnail","hentry"],"acf":[],"yoast_head":"<!-- This site is optimized with the Yoast SEO plugin v27.1.1 - https:\/\/yoast.com\/product\/yoast-seo-wordpress\/ -->\n<title>Dental Clinic in Granada | Orthodontics &amp; Family Dentistry<\/title>\n<meta name=\"description\" content=\"Discover the leading dental clinic in the heart of Granada. Specialists in Invisalign, orthodontics for adults and children and cosmetic dentistry.\" \/>\n<meta name=\"robots\" content=\"index, follow, max-snippet:-1, max-image-preview:large, max-video-preview:-1\" \/>\n<link rel=\"canonical\" href=\"https:\/\/www.ortodonciagranada.com\/en\/\" \/>\n<meta property=\"og:locale\" content=\"en_US\" \/>\n<meta property=\"og:type\" content=\"article\" \/>\n<meta property=\"og:title\" content=\"Dental Clinic in Granada | Orthodontics &amp; Family Dentistry\" \/>\n<meta property=\"og:description\" content=\"Discover the leading dental clinic in the heart of Granada. Specialists in Invisalign, orthodontics for adults and children and cosmetic dentistry.\" \/>\n<meta property=\"og:url\" content=\"https:\/\/www.ortodonciagranada.com\/en\/\" \/>\n<meta property=\"og:site_name\" content=\"Cl\u00ednica Men\u00e9ndez\" \/>\n<meta property=\"article:publisher\" content=\"https:\/\/www.facebook.com\/ClinicaOrtodonciaMenendez\" \/>\n<meta property=\"article:modified_time\" content=\"2025-07-21T13:50:31+00:00\" \/>\n<meta property=\"og:image\" content=\"https:\/\/www.ortodonciagranada.com\/wp-content\/uploads\/2024\/11\/clinica-menendez-granada-equipo.jpg\" \/>\n\t<meta property=\"og:image:width\" content=\"1452\" \/>\n\t<meta property=\"og:image:height\" content=\"968\" \/>\n\t<meta property=\"og:image:type\" content=\"image\/jpeg\" \/>\n<meta name=\"twitter:card\" content=\"summary_large_image\" \/>\n<meta name=\"twitter:site\" content=\"@ClinicaMenendez\" \/>\n<meta name=\"twitter:label1\" content=\"Est. reading time\" \/>\n\t<meta name=\"twitter:data1\" content=\"1 minute\" \/>\n<script type=\"application\/ld+json\" class=\"yoast-schema-graph\">{\"@context\":\"https:\/\/schema.org\",\"@graph\":[{\"@type\":[\"WebPage\",\"MedicalWebPage\"],\"@id\":\"https:\/\/www.ortodonciagranada.com\/en\/\",\"url\":\"https:\/\/www.ortodonciagranada.com\/en\/\",\"name\":\"Dental Clinic in Granada | Orthodontics & Family Dentistry\",\"isPartOf\":{\"@id\":\"https:\/\/www.ortodonciagranada.com\/en\/#website\"},\"primaryImageOfPage\":{\"@id\":\"https:\/\/www.ortodonciagranada.com\/en\/#primaryimage\"},\"image\":{\"@id\":\"https:\/\/www.ortodonciagranada.com\/en\/#primaryimage\"},\"thumbnailUrl\":\"https:\/\/www.ortodonciagranada.com\/wp-content\/uploads\/2025\/09\/clinica-menendez-cumple-40-anos.jpg\",\"datePublished\":\"2024-07-04T08:36:16+00:00\",\"dateModified\":\"2025-07-21T13:50:31+00:00\",\"description\":\"Discover the leading dental clinic in the heart of Granada. Specialists in Invisalign, orthodontics for adults and children and cosmetic dentistry.\",\"breadcrumb\":{\"@id\":\"https:\/\/www.ortodonciagranada.com\/en\/#breadcrumb\"},\"inLanguage\":\"en-US\",\"potentialAction\":[{\"@type\":\"ReadAction\",\"target\":[\"https:\/\/www.ortodonciagranada.com\/en\/\"]}]},{\"@type\":\"ImageObject\",\"inLanguage\":\"en-US\",\"@id\":\"https:\/\/www.ortodonciagranada.com\/en\/#primaryimage\",\"url\":\"https:\/\/www.ortodonciagranada.com\/wp-content\/uploads\/2025\/09\/clinica-menendez-cumple-40-anos.jpg\",\"contentUrl\":\"https:\/\/www.ortodonciagranada.com\/wp-content\/uploads\/2025\/09\/clinica-menendez-cumple-40-anos.jpg\",\"width\":1239,\"height\":826},{\"@type\":\"BreadcrumbList\",\"@id\":\"https:\/\/www.ortodonciagranada.com\/en\/#breadcrumb\",\"itemListElement\":[{\"@type\":\"ListItem\",\"position\":1,\"name\":\"Portada\",\"item\":\"https:\/\/www.ortodonciagranada.com\/en\/\"},{\"@type\":\"ListItem\",\"position\":2,\"name\":\"Home\"}]},{\"@type\":\"WebSite\",\"@id\":\"https:\/\/www.ortodonciagranada.com\/en\/#website\",\"url\":\"https:\/\/www.ortodonciagranada.com\/en\/\",\"name\":\"Cl\u00ednica Men\u00e9ndez\",\"description\":\"En la Cl\u00ednica Men\u00e9ndez de Granada somos especialistas en ortodoncia invisible lingual e Invisalign y tratamientos con Sistema Damon.\",\"publisher\":{\"@id\":\"https:\/\/www.ortodonciagranada.com\/en\/#organization\"},\"potentialAction\":[{\"@type\":\"SearchAction\",\"target\":{\"@type\":\"EntryPoint\",\"urlTemplate\":\"https:\/\/www.ortodonciagranada.com\/en\/?s={search_term_string}\"},\"query-input\":{\"@type\":\"PropertyValueSpecification\",\"valueRequired\":true,\"valueName\":\"search_term_string\"}}],\"inLanguage\":\"en-US\"},{\"@type\":\"Organization\",\"@id\":\"https:\/\/www.ortodonciagranada.com\/en\/#organization\",\"name\":\"Cl\u00ednica Men\u00e9ndez\",\"url\":\"https:\/\/www.ortodonciagranada.com\/en\/\",\"logo\":{\"@type\":\"ImageObject\",\"inLanguage\":\"en-US\",\"@id\":\"https:\/\/www.ortodonciagranada.com\/en\/#\/schema\/logo\/image\/\",\"url\":\"https:\/\/www.ortodonciagranada.com\/wp-content\/uploads\/2024\/04\/logo-clinica-menendez.png\",\"contentUrl\":\"https:\/\/www.ortodonciagranada.com\/wp-content\/uploads\/2024\/04\/logo-clinica-menendez.png\",\"width\":696,\"height\":696,\"caption\":\"Cl\u00ednica Men\u00e9ndez\"},\"image\":{\"@id\":\"https:\/\/www.ortodonciagranada.com\/en\/#\/schema\/logo\/image\/\"},\"sameAs\":[\"https:\/\/www.facebook.com\/ClinicaOrtodonciaMenendez\",\"https:\/\/x.com\/ClinicaMenendez\",\"https:\/\/www.youtube.com\/user\/ComunidadMenendez\/\",\"https:\/\/www.instagram.com\/clinicamenendez\/\",\"https:\/\/www.tiktok.com\/@clinica.menendez\"]}]}<\/script>\n<!-- \/ Yoast SEO plugin. -->","yoast_head_json":{"title":"Dental Clinic in Granada | Orthodontics & Family Dentistry","description":"Discover the leading dental clinic in the heart of Granada. Specialists in Invisalign, orthodontics for adults and children and cosmetic dentistry.","robots":{"index":"index","follow":"follow","max-snippet":"max-snippet:-1","max-image-preview":"max-image-preview:large","max-video-preview":"max-video-preview:-1"},"canonical":"https:\/\/www.ortodonciagranada.com\/en\/","og_locale":"en_US","og_type":"article","og_title":"Dental Clinic in Granada | Orthodontics & Family Dentistry","og_description":"Discover the leading dental clinic in the heart of Granada. Specialists in Invisalign, orthodontics for adults and children and cosmetic dentistry.","og_url":"https:\/\/www.ortodonciagranada.com\/en\/","og_site_name":"Cl\u00ednica Men\u00e9ndez","article_publisher":"https:\/\/www.facebook.com\/ClinicaOrtodonciaMenendez","article_modified_time":"2025-07-21T13:50:31+00:00","og_image":[{"width":1452,"height":968,"url":"https:\/\/www.ortodonciagranada.com\/wp-content\/uploads\/2024\/11\/clinica-menendez-granada-equipo.jpg","type":"image\/jpeg"}],"twitter_card":"summary_large_image","twitter_site":"@ClinicaMenendez","twitter_misc":{"Est. reading time":"1 minute"},"schema":{"@context":"https:\/\/schema.org","@graph":[{"@type":["WebPage","MedicalWebPage"],"@id":"https:\/\/www.ortodonciagranada.com\/en\/","url":"https:\/\/www.ortodonciagranada.com\/en\/","name":"Dental Clinic in Granada | Orthodontics & Family Dentistry","isPartOf":{"@id":"https:\/\/www.ortodonciagranada.com\/en\/#website"},"primaryImageOfPage":{"@id":"https:\/\/www.ortodonciagranada.com\/en\/#primaryimage"},"image":{"@id":"https:\/\/www.ortodonciagranada.com\/en\/#primaryimage"},"thumbnailUrl":"https:\/\/www.ortodonciagranada.com\/wp-content\/uploads\/2025\/09\/clinica-menendez-cumple-40-anos.jpg","datePublished":"2024-07-04T08:36:16+00:00","dateModified":"2025-07-21T13:50:31+00:00","description":"Discover the leading dental clinic in the heart of Granada. Specialists in Invisalign, orthodontics for adults and children and cosmetic dentistry.","breadcrumb":{"@id":"https:\/\/www.ortodonciagranada.com\/en\/#breadcrumb"},"inLanguage":"en-US","potentialAction":[{"@type":"ReadAction","target":["https:\/\/www.ortodonciagranada.com\/en\/"]}]},{"@type":"ImageObject","inLanguage":"en-US","@id":"https:\/\/www.ortodonciagranada.com\/en\/#primaryimage","url":"https:\/\/www.ortodonciagranada.com\/wp-content\/uploads\/2025\/09\/clinica-menendez-cumple-40-anos.jpg","contentUrl":"https:\/\/www.ortodonciagranada.com\/wp-content\/uploads\/2025\/09\/clinica-menendez-cumple-40-anos.jpg","width":1239,"height":826},{"@type":"BreadcrumbList","@id":"https:\/\/www.ortodonciagranada.com\/en\/#breadcrumb","itemListElement":[{"@type":"ListItem","position":1,"name":"Portada","item":"https:\/\/www.ortodonciagranada.com\/en\/"},{"@type":"ListItem","position":2,"name":"Home"}]},{"@type":"WebSite","@id":"https:\/\/www.ortodonciagranada.com\/en\/#website","url":"https:\/\/www.ortodonciagranada.com\/en\/","name":"Cl\u00ednica Men\u00e9ndez","description":"En la Cl\u00ednica Men\u00e9ndez de Granada somos especialistas en ortodoncia invisible lingual e Invisalign y tratamientos con Sistema Damon.","publisher":{"@id":"https:\/\/www.ortodonciagranada.com\/en\/#organization"},"potentialAction":[{"@type":"SearchAction","target":{"@type":"EntryPoint","urlTemplate":"https:\/\/www.ortodonciagranada.com\/en\/?s={search_term_string}"},"query-input":{"@type":"PropertyValueSpecification","valueRequired":true,"valueName":"search_term_string"}}],"inLanguage":"en-US"},{"@type":"Organization","@id":"https:\/\/www.ortodonciagranada.com\/en\/#organization","name":"Cl\u00ednica Men\u00e9ndez","url":"https:\/\/www.ortodonciagranada.com\/en\/","logo":{"@type":"ImageObject","inLanguage":"en-US","@id":"https:\/\/www.ortodonciagranada.com\/en\/#\/schema\/logo\/image\/","url":"https:\/\/www.ortodonciagranada.com\/wp-content\/uploads\/2024\/04\/logo-clinica-menendez.png","contentUrl":"https:\/\/www.ortodonciagranada.com\/wp-content\/uploads\/2024\/04\/logo-clinica-menendez.png","width":696,"height":696,"caption":"Cl\u00ednica Men\u00e9ndez"},"image":{"@id":"https:\/\/www.ortodonciagranada.com\/en\/#\/schema\/logo\/image\/"},"sameAs":["https:\/\/www.facebook.com\/ClinicaOrtodonciaMenendez","https:\/\/x.com\/ClinicaMenendez","https:\/\/www.youtube.com\/user\/ComunidadMenendez\/","https:\/\/www.instagram.com\/clinicamenendez\/","https:\/\/www.tiktok.com\/@clinica.menendez"]}]}},"_links":{"self":[{"href":"https:\/\/www.ortodonciagranada.com\/en\/wp-json\/wp\/v2\/pages\/14922","targetHints":{"allow":["GET"]}}],"collection":[{"href":"https:\/\/www.ortodonciagranada.com\/en\/wp-json\/wp\/v2\/pages"}],"about":[{"href":"https:\/\/www.ortodonciagranada.com\/en\/wp-json\/wp\/v2\/types\/page"}],"author":[{"embeddable":true,"href":"https:\/\/www.ortodonciagranada.com\/en\/wp-json\/wp\/v2\/users\/6"}],"replies":[{"embeddable":true,"href":"https:\/\/www.ortodonciagranada.com\/en\/wp-json\/wp\/v2\/comments?post=14922"}],"version-history":[{"count":0,"href":"https:\/\/www.ortodonciagranada.com\/en\/wp-json\/wp\/v2\/pages\/14922\/revisions"}],"wp:featuredmedia":[{"embeddable":true,"href":"https:\/\/www.ortodonciagranada.com\/en\/wp-json\/wp\/v2\/media\/15050"}],"wp:attachment":[{"href":"https:\/\/www.ortodonciagranada.com\/en\/wp-json\/wp\/v2\/media?parent=14922"}],"curies":[{"name":"wp","href":"https:\/\/api.w.org\/{rel}","templated":true}]}}