{"id":14928,"date":"2025-03-31T11:37:37","date_gmt":"2025-03-31T09:37:37","guid":{"rendered":"https:\/\/www.ortodonciagranada.com\/politica-de-cookies\/"},"modified":"2025-07-15T12:50:49","modified_gmt":"2025-07-15T10:50:49","slug":"policy-cookies","status":"publish","type":"page","link":"https:\/\/www.ortodonciagranada.com\/en\/policy-cookies\/","title":{"rendered":"Cookies policy"},"content":{"rendered":"<div class=\"fusion-fullwidth fullwidth-box fusion-builder-row-1 nonhundred-percent-fullwidth non-hundred-percent-height-scrolling\" style=\"background-color: #ffffff;background-position: center center;background-repeat: no-repeat;padding-top:30px;padding-right:0px;padding-bottom:0px;padding-left:0px;margin-bottom: 0px;margin-top: 0px;border-width: 0px 0px 0px 0px;border-color:#eae9e9;border-style:solid;\" ><div class=\"fusion-builder-row fusion-row\"><div class=\"fusion-layout-column fusion_builder_column fusion-builder-column-0 fusion_builder_column_1_1 1_1 fusion-one-full fusion-column-first fusion-column-last\" style=\"margin-top:0px;margin-bottom:0px;\"><div class=\"fusion-column-wrapper fusion-flex-column-wrapper-legacy\" style=\"background-position:left top;background-repeat:no-repeat;-webkit-background-size:cover;-moz-background-size:cover;-o-background-size:cover;background-size:cover;padding: 0px 0px 0px 0px;\"><div class=\"fusion-text fusion-text-1\" style=\"transform:translate3d(0,0,0);\"><p><div class=\"fusion-text fusion-text-1\" style=\"transform:translate3d(0,0,0);\"><\/div><span style=\"color: var(--h1_typography-color); font-family: var(--h1_typography-font-family); font-size: 25px; font-style: var(--h1_typography-font-style,normal); font-weight: var(--h1_typography-font-weight); letter-spacing: var(--h1_typography-letter-spacing);\">COOKIE POLICY<\/span><\/p>\n<div>\n<div id=\"gtx-trans\" style=\"position: absolute; left: 47px; top: 30px;\">\n<div class=\"gtx-trans-icon\"><\/div>\n<\/div>\n<\/div>\n<\/div><script id=\"CookieDeclaration\" src=\"https:\/\/consent.cookiebot.com\/9b9af146-17eb-4a7d-a548-38cc5b2154f0\/cd.js\" type=\"text\/javascript\" async><\/script><div class=\"fusion-clearfix\"><\/div><\/div><\/div><\/div><div class=\"fusion-builder-row fusion-row\"><\/div><\/div>\n","protected":false},"excerpt":{"rendered":"","protected":false},"author":6,"featured_media":0,"parent":0,"menu_order":50,"comment_status":"closed","ping_status":"closed","template":"","meta":{"_acf_changed":false,"footnotes":""},"class_list":["post-14928","page","type-page","status-publish","hentry"],"acf":[],"yoast_head":"<!-- This site is optimized with the Yoast SEO plugin v27.1.1 - https:\/\/yoast.com\/product\/yoast-seo-wordpress\/ -->\n<title>Cookies | Ortodoncia Men\u00e9ndez | Invisalign | Lingual | Granada<\/title>\n<meta name=\"description\" content=\"Aviso legal de la web de Ortodoncia Men\u00e9ndez Granada. Sistema Damon y ortodoncia invisible para ni\u00f1os y adultos\" \/>\n<meta name=\"robots\" content=\"index, follow, max-snippet:-1, max-image-preview:large, max-video-preview:-1\" \/>\n<link rel=\"canonical\" href=\"https:\/\/www.ortodonciagranada.com\/en\/policy-cookies\/\" \/>\n<meta property=\"og:locale\" content=\"en_US\" \/>\n<meta property=\"og:type\" content=\"article\" \/>\n<meta property=\"og:title\" content=\"Cookies | Ortodoncia Men\u00e9ndez | Invisalign | Lingual | Granada\" \/>\n<meta property=\"og:description\" content=\"Aviso legal de la web de Ortodoncia Men\u00e9ndez Granada. Sistema Damon y ortodoncia invisible para ni\u00f1os y adultos\" \/>\n<meta property=\"og:url\" content=\"https:\/\/www.ortodonciagranada.com\/en\/policy-cookies\/\" \/>\n<meta property=\"og:site_name\" content=\"Cl\u00ednica Men\u00e9ndez\" \/>\n<meta property=\"article:publisher\" content=\"https:\/\/www.facebook.com\/ClinicaOrtodonciaMenendez\" \/>\n<meta property=\"article:modified_time\" content=\"2025-07-15T10:50:49+00:00\" \/>\n<meta property=\"og:image\" content=\"https:\/\/www.ortodonciagranada.com\/wp-content\/uploads\/2024\/09\/DS101869.jpg\" \/>\n\t<meta property=\"og:image:width\" content=\"1200\" \/>\n\t<meta property=\"og:image:height\" content=\"800\" \/>\n\t<meta property=\"og:image:type\" content=\"image\/jpeg\" \/>\n<meta name=\"twitter:card\" content=\"summary_large_image\" \/>\n<meta name=\"twitter:site\" content=\"@ClinicaMenendez\" \/>\n<meta name=\"twitter:label1\" content=\"Est. reading time\" \/>\n\t<meta name=\"twitter:data1\" content=\"1 minute\" \/>\n<script type=\"application\/ld+json\" class=\"yoast-schema-graph\">{\"@context\":\"https:\/\/schema.org\",\"@graph\":[{\"@type\":[\"WebPage\",\"MedicalWebPage\"],\"@id\":\"https:\/\/www.ortodonciagranada.com\/en\/policy-cookies\/\",\"url\":\"https:\/\/www.ortodonciagranada.com\/en\/policy-cookies\/\",\"name\":\"Cookies | Ortodoncia Men\u00e9ndez | Invisalign | Lingual | Granada\",\"isPartOf\":{\"@id\":\"https:\/\/www.ortodonciagranada.com\/en\/#website\"},\"datePublished\":\"2025-03-31T09:37:37+00:00\",\"dateModified\":\"2025-07-15T10:50:49+00:00\",\"description\":\"Aviso legal de la web de Ortodoncia Men\u00e9ndez Granada. Sistema Damon y ortodoncia invisible para ni\u00f1os y adultos\",\"breadcrumb\":{\"@id\":\"https:\/\/www.ortodonciagranada.com\/en\/policy-cookies\/#breadcrumb\"},\"inLanguage\":\"en-US\",\"potentialAction\":[{\"@type\":\"ReadAction\",\"target\":[\"https:\/\/www.ortodonciagranada.com\/en\/policy-cookies\/\"]}]},{\"@type\":\"BreadcrumbList\",\"@id\":\"https:\/\/www.ortodonciagranada.com\/en\/policy-cookies\/#breadcrumb\",\"itemListElement\":[{\"@type\":\"ListItem\",\"position\":1,\"name\":\"Portada\",\"item\":\"https:\/\/www.ortodonciagranada.com\/en\/\"},{\"@type\":\"ListItem\",\"position\":2,\"name\":\"Cookies policy\"}]},{\"@type\":\"WebSite\",\"@id\":\"https:\/\/www.ortodonciagranada.com\/en\/#website\",\"url\":\"https:\/\/www.ortodonciagranada.com\/en\/\",\"name\":\"Cl\u00ednica Men\u00e9ndez\",\"description\":\"En la Cl\u00ednica Men\u00e9ndez de Granada somos especialistas en ortodoncia invisible lingual e Invisalign y tratamientos con Sistema Damon.\",\"publisher\":{\"@id\":\"https:\/\/www.ortodonciagranada.com\/en\/#organization\"},\"potentialAction\":[{\"@type\":\"SearchAction\",\"target\":{\"@type\":\"EntryPoint\",\"urlTemplate\":\"https:\/\/www.ortodonciagranada.com\/en\/?s={search_term_string}\"},\"query-input\":{\"@type\":\"PropertyValueSpecification\",\"valueRequired\":true,\"valueName\":\"search_term_string\"}}],\"inLanguage\":\"en-US\"},{\"@type\":\"Organization\",\"@id\":\"https:\/\/www.ortodonciagranada.com\/en\/#organization\",\"name\":\"Cl\u00ednica Men\u00e9ndez\",\"url\":\"https:\/\/www.ortodonciagranada.com\/en\/\",\"logo\":{\"@type\":\"ImageObject\",\"inLanguage\":\"en-US\",\"@id\":\"https:\/\/www.ortodonciagranada.com\/en\/#\/schema\/logo\/image\/\",\"url\":\"https:\/\/www.ortodonciagranada.com\/wp-content\/uploads\/2024\/04\/logo-clinica-menendez.png\",\"contentUrl\":\"https:\/\/www.ortodonciagranada.com\/wp-content\/uploads\/2024\/04\/logo-clinica-menendez.png\",\"width\":696,\"height\":696,\"caption\":\"Cl\u00ednica Men\u00e9ndez\"},\"image\":{\"@id\":\"https:\/\/www.ortodonciagranada.com\/en\/#\/schema\/logo\/image\/\"},\"sameAs\":[\"https:\/\/www.facebook.com\/ClinicaOrtodonciaMenendez\",\"https:\/\/x.com\/ClinicaMenendez\",\"https:\/\/www.youtube.com\/user\/ComunidadMenendez\/\",\"https:\/\/www.instagram.com\/clinicamenendez\/\",\"https:\/\/www.tiktok.com\/@clinica.menendez\"]}]}<\/script>\n<!-- \/ Yoast SEO plugin. -->","yoast_head_json":{"title":"Cookies | Ortodoncia Men\u00e9ndez | Invisalign | Lingual | Granada","description":"Aviso legal de la web de Ortodoncia Men\u00e9ndez Granada. Sistema Damon y ortodoncia invisible para ni\u00f1os y adultos","robots":{"index":"index","follow":"follow","max-snippet":"max-snippet:-1","max-image-preview":"max-image-preview:large","max-video-preview":"max-video-preview:-1"},"canonical":"https:\/\/www.ortodonciagranada.com\/en\/policy-cookies\/","og_locale":"en_US","og_type":"article","og_title":"Cookies | Ortodoncia Men\u00e9ndez | Invisalign | Lingual | Granada","og_description":"Aviso legal de la web de Ortodoncia Men\u00e9ndez Granada. Sistema Damon y ortodoncia invisible para ni\u00f1os y adultos","og_url":"https:\/\/www.ortodonciagranada.com\/en\/policy-cookies\/","og_site_name":"Cl\u00ednica Men\u00e9ndez","article_publisher":"https:\/\/www.facebook.com\/ClinicaOrtodonciaMenendez","article_modified_time":"2025-07-15T10:50:49+00:00","og_image":[{"width":1200,"height":800,"url":"https:\/\/www.ortodonciagranada.com\/wp-content\/uploads\/2024\/09\/DS101869.jpg","type":"image\/jpeg"}],"twitter_card":"summary_large_image","twitter_site":"@ClinicaMenendez","twitter_misc":{"Est. reading time":"1 minute"},"schema":{"@context":"https:\/\/schema.org","@graph":[{"@type":["WebPage","MedicalWebPage"],"@id":"https:\/\/www.ortodonciagranada.com\/en\/policy-cookies\/","url":"https:\/\/www.ortodonciagranada.com\/en\/policy-cookies\/","name":"Cookies | Ortodoncia Men\u00e9ndez | Invisalign | Lingual | Granada","isPartOf":{"@id":"https:\/\/www.ortodonciagranada.com\/en\/#website"},"datePublished":"2025-03-31T09:37:37+00:00","dateModified":"2025-07-15T10:50:49+00:00","description":"Aviso legal de la web de Ortodoncia Men\u00e9ndez Granada. Sistema Damon y ortodoncia invisible para ni\u00f1os y adultos","breadcrumb":{"@id":"https:\/\/www.ortodonciagranada.com\/en\/policy-cookies\/#breadcrumb"},"inLanguage":"en-US","potentialAction":[{"@type":"ReadAction","target":["https:\/\/www.ortodonciagranada.com\/en\/policy-cookies\/"]}]},{"@type":"BreadcrumbList","@id":"https:\/\/www.ortodonciagranada.com\/en\/policy-cookies\/#breadcrumb","itemListElement":[{"@type":"ListItem","position":1,"name":"Portada","item":"https:\/\/www.ortodonciagranada.com\/en\/"},{"@type":"ListItem","position":2,"name":"Cookies policy"}]},{"@type":"WebSite","@id":"https:\/\/www.ortodonciagranada.com\/en\/#website","url":"https:\/\/www.ortodonciagranada.com\/en\/","name":"Cl\u00ednica Men\u00e9ndez","description":"En la Cl\u00ednica Men\u00e9ndez de Granada somos especialistas en ortodoncia invisible lingual e Invisalign y tratamientos con Sistema Damon.","publisher":{"@id":"https:\/\/www.ortodonciagranada.com\/en\/#organization"},"potentialAction":[{"@type":"SearchAction","target":{"@type":"EntryPoint","urlTemplate":"https:\/\/www.ortodonciagranada.com\/en\/?s={search_term_string}"},"query-input":{"@type":"PropertyValueSpecification","valueRequired":true,"valueName":"search_term_string"}}],"inLanguage":"en-US"},{"@type":"Organization","@id":"https:\/\/www.ortodonciagranada.com\/en\/#organization","name":"Cl\u00ednica Men\u00e9ndez","url":"https:\/\/www.ortodonciagranada.com\/en\/","logo":{"@type":"ImageObject","inLanguage":"en-US","@id":"https:\/\/www.ortodonciagranada.com\/en\/#\/schema\/logo\/image\/","url":"https:\/\/www.ortodonciagranada.com\/wp-content\/uploads\/2024\/04\/logo-clinica-menendez.png","contentUrl":"https:\/\/www.ortodonciagranada.com\/wp-content\/uploads\/2024\/04\/logo-clinica-menendez.png","width":696,"height":696,"caption":"Cl\u00ednica Men\u00e9ndez"},"image":{"@id":"https:\/\/www.ortodonciagranada.com\/en\/#\/schema\/logo\/image\/"},"sameAs":["https:\/\/www.facebook.com\/ClinicaOrtodonciaMenendez","https:\/\/x.com\/ClinicaMenendez","https:\/\/www.youtube.com\/user\/ComunidadMenendez\/","https:\/\/www.instagram.com\/clinicamenendez\/","https:\/\/www.tiktok.com\/@clinica.menendez"]}]}},"_links":{"self":[{"href":"https:\/\/www.ortodonciagranada.com\/en\/wp-json\/wp\/v2\/pages\/14928","targetHints":{"allow":["GET"]}}],"collection":[{"href":"https:\/\/www.ortodonciagranada.com\/en\/wp-json\/wp\/v2\/pages"}],"about":[{"href":"https:\/\/www.ortodonciagranada.com\/en\/wp-json\/wp\/v2\/types\/page"}],"author":[{"embeddable":true,"href":"https:\/\/www.ortodonciagranada.com\/en\/wp-json\/wp\/v2\/users\/6"}],"replies":[{"embeddable":true,"href":"https:\/\/www.ortodonciagranada.com\/en\/wp-json\/wp\/v2\/comments?post=14928"}],"version-history":[{"count":0,"href":"https:\/\/www.ortodonciagranada.com\/en\/wp-json\/wp\/v2\/pages\/14928\/revisions"}],"wp:attachment":[{"href":"https:\/\/www.ortodonciagranada.com\/en\/wp-json\/wp\/v2\/media?parent=14928"}],"curies":[{"name":"wp","href":"https:\/\/api.w.org\/{rel}","templated":true}]}}